{"id":183,"date":"2020-10-17T20:20:53","date_gmt":"2020-10-17T18:20:53","guid":{"rendered":"http:\/\/www.englishforsingers.com\/?page_id=183"},"modified":"2022-10-27T18:56:30","modified_gmt":"2022-10-27T16:56:30","slug":"for-studios","status":"publish","type":"page","link":"http:\/\/www.englishforsingers.com\/es\/for-studios\/","title":{"rendered":"para estudios"},"content":{"rendered":"\n<p class=\"has-accent-color has-text-color has-normal-font-size\">\u00bfSueles grabar a cantantes que cantan en ingl\u00e9s pero no son nativ@s? Lee a continuaci\u00f3n para saber c\u00f3mo te puedo ayudar\u2026<\/p>\n\n\n\n<hr class=\"wp-block-separator has-css-opacity\"\/>\n\n\n\n<div class=\"wp-block-media-text alignwide is-stacked-on-mobile\"><figure class=\"wp-block-media-text__media\"><img loading=\"lazy\" decoding=\"async\" width=\"960\" height=\"960\" src=\"http:\/\/www.englishforsingers.com\/wp-content\/uploads\/69332322_10156852515624582_3500813055397199872_n.jpg\" alt=\"\" class=\"wp-image-14 size-full\" srcset=\"http:\/\/www.englishforsingers.com\/wp-content\/uploads\/69332322_10156852515624582_3500813055397199872_n.jpg 960w, http:\/\/www.englishforsingers.com\/wp-content\/uploads\/69332322_10156852515624582_3500813055397199872_n-300x300.jpg 300w, http:\/\/www.englishforsingers.com\/wp-content\/uploads\/69332322_10156852515624582_3500813055397199872_n-150x150.jpg 150w, http:\/\/www.englishforsingers.com\/wp-content\/uploads\/69332322_10156852515624582_3500813055397199872_n-768x768.jpg 768w\" sizes=\"auto, (max-width: 960px) 100vw, 960px\" \/><\/figure><div class=\"wp-block-media-text__content\">\n<p class=\"has-small-font-size\">\u00bfHaces grabaciones de cantantes en ingl\u00e9s y se les dificulta la pronunciaci\u00f3n? \u00bfSabes cuando suena mal pero no sabes c\u00f3mo explicarlo? \u00bfO s\u00f3lo necesitas a alguien para asegurarse de pronunciaci\u00f3n correcta de la letra?<\/p>\n\n\n\n<p class=\"has-accent-color has-background-background-color has-text-color has-background\">\u00a1Estoy aqu\u00ed para ayudarte!<\/p>\n<\/div><\/div>\n\n\n\n<blockquote class=\"wp-block-quote has-text-align-right is-style-default is-layout-flow wp-block-quote-is-layout-flow\"><p><em><em>\u00bfSab\u00edas que?<\/em><\/em><\/p><cite>La letra \u00abS\u00bb en la palabra \u00abclose\u00bb se pronuncia de manera diferente seg\u00fan el contexto:<br><br>Clo<strong>s<\/strong>e to you (sonido \u00abs\u00bb) | Clo<strong>s<\/strong>e the door (sonido \u00abz\u00bb como una abeja)<\/cite><\/blockquote>\n\n\n\n<h4 class=\"has-text-color wp-block-heading\" style=\"color:#326370\">Introducci\u00f3n<\/h4>\n\n\n\n<p>D\u00e9jame presentarme, soy Adeline, una cantante de origen franc\u00e9s que vivi\u00f3 en Inglaterra y ahora reside en Barcelona.<\/p>\n\n\n\n<p>Cuento con 20 a\u00f1os de experiencia como cantante en ingl\u00e9s (incluyendo 13 a\u00f1os en Inglaterra) en estudios y escenarios, estoy aqu\u00ed para ayudarte. No soy una profesora de canto, soy una coach vocal para el ingl\u00e9s y acompa\u00f1ar\u00e9 al cantante durante la grabaci\u00f3n, trabajando en paralelo con el\/la ingenier@ de sonido.<\/p>\n\n\n\n<p style=\"font-size:16px\">He aqu\u00ed un ejemplo de una canci\u00f3n donde canto en ingl\u00e9s:<\/p>\n\n\n\n<figure class=\"wp-block-embed aligncenter is-type-rich is-provider-spotify wp-block-embed-spotify wp-embed-aspect-21-9 wp-has-aspect-ratio\"><div class=\"wp-block-embed__wrapper\">\n<iframe title=\"Spotify Embed: Tear Me Apart\" style=\"border-radius: 12px\" width=\"100%\" height=\"152\" frameborder=\"0\" allowfullscreen allow=\"autoplay; clipboard-write; encrypted-media; fullscreen; picture-in-picture\" loading=\"lazy\" src=\"https:\/\/open.spotify.com\/embed\/track\/48jYqGtUOmSvYoci60CxaC?si=viiW5oCIRGePqY2afBsHsw&#038;utm_source=oembed\"><\/iframe>\n<\/div><\/figure>\n\n\n\n<h4 class=\"has-text-color wp-block-heading\" style=\"color:#326370\">Servicios<\/h4>\n\n\n\n<ul class=\"wp-block-list\"><li>revisi\u00f3n y coaching pre-grabaci\u00f3n<\/li><li>ayuda con la pronunciaci\u00f3n<\/li><li>comprensi\u00f3n de texto<\/li><li>coaching en estudio durante la grabaci\u00f3n<\/li><li>revisi\u00f3n (con ingenier@ de sonido) post-grabaci\u00f3n<\/li><li>traducci\u00f3n o creaci\u00f3n de letra en ingl\u00e9s<\/li><\/ul>\n\n\n\n<div class=\"wp-block-group\"><div class=\"wp-block-group__inner-container is-layout-flow wp-block-group-is-layout-flow\">\n<p class=\"has-accent-color has-text-color has-small-font-size\">Sesi\u00f3n de 2h m\u00ednimo, packs de varias sesiones disponibles a un precio atractivo. <a href=\"mailto:adeline@englishforsingers.com\">Contacta<\/a> conmigo para m\u00e1s informaci\u00f3n.<\/p>\n<\/div><\/div>\n\n\n\n<blockquote class=\"wp-block-quote has-text-align-right is-style-default is-layout-flow wp-block-quote-is-layout-flow\"><p><em><em>\u00bfSab\u00edas que?<\/em><\/em><\/p><cite>Algunas letras\/s\u00edlabas\/palabras pueden ser omitidas para facilitar la pronunciaci\u00f3n<br>y no cambiar\u00e1n el significado de la frase&#8230;<br><br>\u00a1Pero ten cuidado de no quitar cualquiera!<\/cite><\/blockquote>\n\n\n\n<h4 class=\"has-text-color wp-block-heading\" style=\"color:#326370\">Resultados<\/h4>\n\n\n\n<p>\u00bfQu\u00e9 obtendr\u00e1n l@s cantantes con mis sesiones de coaching?<\/p>\n\n\n\n<ul class=\"wp-block-list\"><li>se sentir\u00e1n m\u00e1s segur@ de si mism@s cuando entienden lo que est\u00e1n cantando<\/li><li>transmitir\u00e1n mejor las emociones del texto<\/li><li>tendr\u00e1n m\u00e1s credibilidad frente a una audiencia internacional<\/li><li>estar\u00e1n preparad@s para lanzarse a una carrera internacional<\/li><\/ul>\n\n\n\n<p>\u00a1T\u00da tendr\u00e1s un resultado profesional del que estar orgulloso!<\/p>\n\n\n\n<p class=\"has-background-background-color has-text-color has-background\" style=\"color:#0a7fb1\">No dudes en escribirme para una evaluaci\u00f3n, cualquier otra pregunta, precios, etc. aqu\u00ed:&nbsp;<a href=\"mailto:adeline@englishforsingers.com\">adeline@englishforsingers.com<\/a><\/p>\n\n\n\n<hr class=\"wp-block-separator has-css-opacity\"\/>\n\n\n\n<figure class=\"wp-block-image size-large\"><img loading=\"lazy\" decoding=\"async\" width=\"1024\" height=\"1024\" src=\"http:\/\/www.englishforsingers.com\/wp-content\/uploads\/\/Pierre-ESP-1024x1024.png\" alt=\"\" class=\"wp-image-121\" srcset=\"http:\/\/www.englishforsingers.com\/wp-content\/uploads\/Pierre-ESP-1024x1024.png 1024w, http:\/\/www.englishforsingers.com\/wp-content\/uploads\/Pierre-ESP-300x300.png 300w, http:\/\/www.englishforsingers.com\/wp-content\/uploads\/Pierre-ESP-150x150.png 150w, http:\/\/www.englishforsingers.com\/wp-content\/uploads\/Pierre-ESP-768x768.png 768w, http:\/\/www.englishforsingers.com\/wp-content\/uploads\/Pierre-ESP.png 1080w\" sizes=\"auto, (max-width: 1024px) 100vw, 1024px\" \/><\/figure>\n\n\n\n<figure class=\"wp-block-image size-large\"><img loading=\"lazy\" decoding=\"async\" width=\"1024\" height=\"1024\" src=\"http:\/\/www.englishforsingers.com\/wp-content\/uploads\/\/Ro-ESP-1024x1024.png\" alt=\"\" class=\"wp-image-139\" srcset=\"http:\/\/www.englishforsingers.com\/wp-content\/uploads\/Ro-ESP-1024x1024.png 1024w, http:\/\/www.englishforsingers.com\/wp-content\/uploads\/Ro-ESP-300x300.png 300w, http:\/\/www.englishforsingers.com\/wp-content\/uploads\/Ro-ESP-150x150.png 150w, http:\/\/www.englishforsingers.com\/wp-content\/uploads\/Ro-ESP-768x768.png 768w, http:\/\/www.englishforsingers.com\/wp-content\/uploads\/Ro-ESP.png 1080w\" sizes=\"auto, (max-width: 1024px) 100vw, 1024px\" \/><\/figure>\n\n\n\n<figure class=\"wp-block-image size-large\"><img loading=\"lazy\" decoding=\"async\" width=\"1024\" height=\"1024\" src=\"http:\/\/www.englishforsingers.com\/wp-content\/uploads\/\/Edu-ESP-1024x1024.png\" alt=\"\" class=\"wp-image-227\" srcset=\"http:\/\/www.englishforsingers.com\/wp-content\/uploads\/Edu-ESP-1024x1024.png 1024w, http:\/\/www.englishforsingers.com\/wp-content\/uploads\/Edu-ESP-300x300.png 300w, http:\/\/www.englishforsingers.com\/wp-content\/uploads\/Edu-ESP-150x150.png 150w, http:\/\/www.englishforsingers.com\/wp-content\/uploads\/Edu-ESP-768x768.png 768w, http:\/\/www.englishforsingers.com\/wp-content\/uploads\/Edu-ESP.png 1080w\" sizes=\"auto, (max-width: 1024px) 100vw, 1024px\" \/><\/figure>\n\n\n\n<div class=\"wp-block-columns is-layout-flex wp-container-core-columns-is-layout-9d6595d7 wp-block-columns-is-layout-flex\">\n<div class=\"wp-block-column is-layout-flow wp-block-column-is-layout-flow\"><\/div>\n\n\n\n<div class=\"wp-block-column is-layout-flow wp-block-column-is-layout-flow\"><\/div>\n\n\n\n<div class=\"wp-block-column is-layout-flow wp-block-column-is-layout-flow\"><\/div>\n<\/div>\n","protected":false},"excerpt":{"rendered":"<p>\u00bfSueles grabar a cantantes que cantan en ingl\u00e9s pero no son nativ@s? Lee a continuaci\u00f3n para saber c\u00f3mo te puedo ayudar\u2026 \u00bfHaces grabaciones de cantantes en ingl\u00e9s y se les dificulta la pronunciaci\u00f3n? \u00bfSabes cuando suena mal pero no sabes c\u00f3mo explicarlo? \u00bfO s\u00f3lo necesitas a alguien para asegurarse de pronunciaci\u00f3n correcta de la letra? [&hellip;]<\/p>\n","protected":false},"author":1,"featured_media":0,"parent":0,"menu_order":0,"comment_status":"closed","ping_status":"closed","template":"templates\/template-cover.php","meta":{"footnotes":""},"class_list":["post-183","page","type-page","status-publish","hentry"],"yoast_head":"<!-- This site is optimized with the Yoast SEO plugin v27.5 - https:\/\/yoast.com\/product\/yoast-seo-wordpress\/ -->\n<title>para estudios - English For Singers<\/title>\n<meta name=\"robots\" content=\"index, follow, max-snippet:-1, max-image-preview:large, max-video-preview:-1\" \/>\n<link rel=\"canonical\" href=\"http:\/\/www.englishforsingers.com\/es\/for-studios\/\" \/>\n<meta property=\"og:locale\" content=\"es_ES\" \/>\n<meta property=\"og:type\" content=\"article\" \/>\n<meta property=\"og:title\" content=\"para estudios - English For Singers\" \/>\n<meta property=\"og:description\" content=\"\u00bfSueles grabar a cantantes que cantan en ingl\u00e9s pero no son nativ@s? Lee a continuaci\u00f3n para saber c\u00f3mo te puedo ayudar\u2026 \u00bfHaces grabaciones de cantantes en ingl\u00e9s y se les dificulta la pronunciaci\u00f3n? \u00bfSabes cuando suena mal pero no sabes c\u00f3mo explicarlo? \u00bfO s\u00f3lo necesitas a alguien para asegurarse de pronunciaci\u00f3n correcta de la letra? [&hellip;]\" \/>\n<meta property=\"og:url\" content=\"http:\/\/www.englishforsingers.com\/es\/for-studios\/\" \/>\n<meta property=\"og:site_name\" content=\"English For Singers\" \/>\n<meta property=\"article:modified_time\" content=\"2022-10-27T16:56:30+00:00\" \/>\n<meta property=\"og:image\" content=\"http:\/\/www.englishforsingers.com\/wp-content\/uploads\/69332322_10156852515624582_3500813055397199872_n.jpg\" \/>\n<meta name=\"twitter:card\" content=\"summary_large_image\" \/>\n<meta name=\"twitter:label1\" content=\"Tiempo de lectura\" \/>\n\t<meta name=\"twitter:data1\" content=\"3 minutos\" \/>\n<script type=\"application\/ld+json\" class=\"yoast-schema-graph\">{\"@context\":\"https:\\\/\\\/schema.org\",\"@graph\":[{\"@type\":\"WebPage\",\"@id\":\"http:\\\/\\\/www.englishforsingers.com\\\/es\\\/for-studios\\\/\",\"url\":\"http:\\\/\\\/www.englishforsingers.com\\\/es\\\/for-studios\\\/\",\"name\":\"para estudios - English For Singers\",\"isPartOf\":{\"@id\":\"http:\\\/\\\/www.englishforsingers.com\\\/es\\\/#website\"},\"primaryImageOfPage\":{\"@id\":\"http:\\\/\\\/www.englishforsingers.com\\\/es\\\/for-studios\\\/#primaryimage\"},\"image\":{\"@id\":\"http:\\\/\\\/www.englishforsingers.com\\\/es\\\/for-studios\\\/#primaryimage\"},\"thumbnailUrl\":\"http:\\\/\\\/www.englishforsingers.com\\\/wp-content\\\/uploads\\\/69332322_10156852515624582_3500813055397199872_n.jpg\",\"datePublished\":\"2020-10-17T18:20:53+00:00\",\"dateModified\":\"2022-10-27T16:56:30+00:00\",\"breadcrumb\":{\"@id\":\"http:\\\/\\\/www.englishforsingers.com\\\/es\\\/for-studios\\\/#breadcrumb\"},\"inLanguage\":\"es\",\"potentialAction\":[{\"@type\":\"ReadAction\",\"target\":[\"http:\\\/\\\/www.englishforsingers.com\\\/es\\\/for-studios\\\/\"]}]},{\"@type\":\"ImageObject\",\"inLanguage\":\"es\",\"@id\":\"http:\\\/\\\/www.englishforsingers.com\\\/es\\\/for-studios\\\/#primaryimage\",\"url\":\"http:\\\/\\\/www.englishforsingers.com\\\/wp-content\\\/uploads\\\/69332322_10156852515624582_3500813055397199872_n.jpg\",\"contentUrl\":\"http:\\\/\\\/www.englishforsingers.com\\\/wp-content\\\/uploads\\\/69332322_10156852515624582_3500813055397199872_n.jpg\"},{\"@type\":\"BreadcrumbList\",\"@id\":\"http:\\\/\\\/www.englishforsingers.com\\\/es\\\/for-studios\\\/#breadcrumb\",\"itemListElement\":[{\"@type\":\"ListItem\",\"position\":1,\"name\":\"Home\",\"item\":\"http:\\\/\\\/www.englishforsingers.com\\\/es\\\/\"},{\"@type\":\"ListItem\",\"position\":2,\"name\":\"para estudios\"}]},{\"@type\":\"WebSite\",\"@id\":\"http:\\\/\\\/www.englishforsingers.com\\\/es\\\/#website\",\"url\":\"http:\\\/\\\/www.englishforsingers.com\\\/es\\\/\",\"name\":\"English For Singers\",\"description\":\"vocal coach for non-natives\",\"publisher\":{\"@id\":\"http:\\\/\\\/www.englishforsingers.com\\\/es\\\/#organization\"},\"potentialAction\":[{\"@type\":\"SearchAction\",\"target\":{\"@type\":\"EntryPoint\",\"urlTemplate\":\"http:\\\/\\\/www.englishforsingers.com\\\/es\\\/?s={search_term_string}\"},\"query-input\":{\"@type\":\"PropertyValueSpecification\",\"valueRequired\":true,\"valueName\":\"search_term_string\"}}],\"inLanguage\":\"es\"},{\"@type\":\"Organization\",\"@id\":\"http:\\\/\\\/www.englishforsingers.com\\\/es\\\/#organization\",\"name\":\"English For Singers\",\"url\":\"http:\\\/\\\/www.englishforsingers.com\\\/es\\\/\",\"logo\":{\"@type\":\"ImageObject\",\"inLanguage\":\"es\",\"@id\":\"http:\\\/\\\/www.englishforsingers.com\\\/es\\\/#\\\/schema\\\/logo\\\/image\\\/\",\"url\":\"http:\\\/\\\/www.englishforsingers.com\\\/wp-content\\\/uploads\\\/imageedit_2_7632300616.png\",\"contentUrl\":\"http:\\\/\\\/www.englishforsingers.com\\\/wp-content\\\/uploads\\\/imageedit_2_7632300616.png\",\"width\":500,\"height\":500,\"caption\":\"English For Singers\"},\"image\":{\"@id\":\"http:\\\/\\\/www.englishforsingers.com\\\/es\\\/#\\\/schema\\\/logo\\\/image\\\/\"}}]}<\/script>\n<!-- \/ Yoast SEO plugin. -->","yoast_head_json":{"title":"para estudios - English For Singers","robots":{"index":"index","follow":"follow","max-snippet":"max-snippet:-1","max-image-preview":"max-image-preview:large","max-video-preview":"max-video-preview:-1"},"canonical":"http:\/\/www.englishforsingers.com\/es\/for-studios\/","og_locale":"es_ES","og_type":"article","og_title":"para estudios - English For Singers","og_description":"\u00bfSueles grabar a cantantes que cantan en ingl\u00e9s pero no son nativ@s? Lee a continuaci\u00f3n para saber c\u00f3mo te puedo ayudar\u2026 \u00bfHaces grabaciones de cantantes en ingl\u00e9s y se les dificulta la pronunciaci\u00f3n? \u00bfSabes cuando suena mal pero no sabes c\u00f3mo explicarlo? \u00bfO s\u00f3lo necesitas a alguien para asegurarse de pronunciaci\u00f3n correcta de la letra? [&hellip;]","og_url":"http:\/\/www.englishforsingers.com\/es\/for-studios\/","og_site_name":"English For Singers","article_modified_time":"2022-10-27T16:56:30+00:00","og_image":[{"url":"http:\/\/www.englishforsingers.com\/wp-content\/uploads\/69332322_10156852515624582_3500813055397199872_n.jpg","type":"","width":"","height":""}],"twitter_card":"summary_large_image","twitter_misc":{"Tiempo de lectura":"3 minutos"},"schema":{"@context":"https:\/\/schema.org","@graph":[{"@type":"WebPage","@id":"http:\/\/www.englishforsingers.com\/es\/for-studios\/","url":"http:\/\/www.englishforsingers.com\/es\/for-studios\/","name":"para estudios - English For Singers","isPartOf":{"@id":"http:\/\/www.englishforsingers.com\/es\/#website"},"primaryImageOfPage":{"@id":"http:\/\/www.englishforsingers.com\/es\/for-studios\/#primaryimage"},"image":{"@id":"http:\/\/www.englishforsingers.com\/es\/for-studios\/#primaryimage"},"thumbnailUrl":"http:\/\/www.englishforsingers.com\/wp-content\/uploads\/69332322_10156852515624582_3500813055397199872_n.jpg","datePublished":"2020-10-17T18:20:53+00:00","dateModified":"2022-10-27T16:56:30+00:00","breadcrumb":{"@id":"http:\/\/www.englishforsingers.com\/es\/for-studios\/#breadcrumb"},"inLanguage":"es","potentialAction":[{"@type":"ReadAction","target":["http:\/\/www.englishforsingers.com\/es\/for-studios\/"]}]},{"@type":"ImageObject","inLanguage":"es","@id":"http:\/\/www.englishforsingers.com\/es\/for-studios\/#primaryimage","url":"http:\/\/www.englishforsingers.com\/wp-content\/uploads\/69332322_10156852515624582_3500813055397199872_n.jpg","contentUrl":"http:\/\/www.englishforsingers.com\/wp-content\/uploads\/69332322_10156852515624582_3500813055397199872_n.jpg"},{"@type":"BreadcrumbList","@id":"http:\/\/www.englishforsingers.com\/es\/for-studios\/#breadcrumb","itemListElement":[{"@type":"ListItem","position":1,"name":"Home","item":"http:\/\/www.englishforsingers.com\/es\/"},{"@type":"ListItem","position":2,"name":"para estudios"}]},{"@type":"WebSite","@id":"http:\/\/www.englishforsingers.com\/es\/#website","url":"http:\/\/www.englishforsingers.com\/es\/","name":"English For Singers","description":"vocal coach for non-natives","publisher":{"@id":"http:\/\/www.englishforsingers.com\/es\/#organization"},"potentialAction":[{"@type":"SearchAction","target":{"@type":"EntryPoint","urlTemplate":"http:\/\/www.englishforsingers.com\/es\/?s={search_term_string}"},"query-input":{"@type":"PropertyValueSpecification","valueRequired":true,"valueName":"search_term_string"}}],"inLanguage":"es"},{"@type":"Organization","@id":"http:\/\/www.englishforsingers.com\/es\/#organization","name":"English For Singers","url":"http:\/\/www.englishforsingers.com\/es\/","logo":{"@type":"ImageObject","inLanguage":"es","@id":"http:\/\/www.englishforsingers.com\/es\/#\/schema\/logo\/image\/","url":"http:\/\/www.englishforsingers.com\/wp-content\/uploads\/imageedit_2_7632300616.png","contentUrl":"http:\/\/www.englishforsingers.com\/wp-content\/uploads\/imageedit_2_7632300616.png","width":500,"height":500,"caption":"English For Singers"},"image":{"@id":"http:\/\/www.englishforsingers.com\/es\/#\/schema\/logo\/image\/"}}]}},"_links":{"self":[{"href":"http:\/\/www.englishforsingers.com\/es\/wp-json\/wp\/v2\/pages\/183","targetHints":{"allow":["GET"]}}],"collection":[{"href":"http:\/\/www.englishforsingers.com\/es\/wp-json\/wp\/v2\/pages"}],"about":[{"href":"http:\/\/www.englishforsingers.com\/es\/wp-json\/wp\/v2\/types\/page"}],"author":[{"embeddable":true,"href":"http:\/\/www.englishforsingers.com\/es\/wp-json\/wp\/v2\/users\/1"}],"replies":[{"embeddable":true,"href":"http:\/\/www.englishforsingers.com\/es\/wp-json\/wp\/v2\/comments?post=183"}],"version-history":[{"count":19,"href":"http:\/\/www.englishforsingers.com\/es\/wp-json\/wp\/v2\/pages\/183\/revisions"}],"predecessor-version":[{"id":285,"href":"http:\/\/www.englishforsingers.com\/es\/wp-json\/wp\/v2\/pages\/183\/revisions\/285"}],"wp:attachment":[{"href":"http:\/\/www.englishforsingers.com\/es\/wp-json\/wp\/v2\/media?parent=183"}],"curies":[{"name":"wp","href":"https:\/\/api.w.org\/{rel}","templated":true}]}}