{"id":57,"date":"2020-06-01T17:47:00","date_gmt":"2020-06-01T15:47:00","guid":{"rendered":"http:\/\/www.englishforsingers.com\/english-for-singers\/"},"modified":"2022-10-27T18:56:00","modified_gmt":"2022-10-27T16:56:00","slug":"for-singers","status":"publish","type":"page","link":"http:\/\/www.englishforsingers.com\/es\/for-singers\/","title":{"rendered":"para cantantes"},"content":{"rendered":"\n<p class=\"has-text-align-center has-accent-color has-text-color has-normal-font-size\">\u00bfEres cantante? \u00bfCantas en ingl\u00e9s? Lee a continuaci\u00f3n para saber c\u00f3mo te puedo ayudar\u2026<\/p>\n\n\n\n<hr class=\"wp-block-separator has-css-opacity\"\/>\n\n\n\n<div class=\"wp-block-media-text alignwide is-stacked-on-mobile\"><figure class=\"wp-block-media-text__media\"><img loading=\"lazy\" decoding=\"async\" width=\"480\" height=\"480\" src=\"http:\/\/www.englishforsingers.com\/wp-content\/uploads\/Circle-Photo.png\" alt=\"\" class=\"wp-image-31 size-full\" srcset=\"http:\/\/www.englishforsingers.com\/wp-content\/uploads\/Circle-Photo.png 480w, http:\/\/www.englishforsingers.com\/wp-content\/uploads\/Circle-Photo-300x300.png 300w, http:\/\/www.englishforsingers.com\/wp-content\/uploads\/Circle-Photo-150x150.png 150w\" sizes=\"auto, (max-width: 480px) 100vw, 480px\" \/><\/figure><div class=\"wp-block-media-text__content\">\n<p class=\"has-small-font-size\">\u00bfTe gusta cantar en ingl\u00e9s pero la pronunciaci\u00f3n no siempre te resulta f\u00e1cil? \u00bfTienes un proyecto en mente, una audici\u00f3n, una grabaci\u00f3n, y te gustar\u00eda mejorar tu pronunciaci\u00f3n en las canciones en ingl\u00e9s?<\/p>\n\n\n\n<p class=\"has-accent-color has-background-background-color has-text-color has-background\">\u00a1Estoy aqu\u00ed para ayudarte!<\/p>\n<\/div><\/div>\n\n\n\n<blockquote class=\"wp-block-quote has-text-align-right is-style-default is-layout-flow wp-block-quote-is-layout-flow\"><p><em>\u00bfSab\u00edas que?<\/em><\/p><cite>La letra \u00abS\u00bb en la palabra \u00abclose\u00bb se pronuncia de manera diferente seg\u00fan el contexto:<br><br>Clo<strong>s<\/strong>e to you (sonido \u00abs\u00bb)  |  Clo<strong>s<\/strong>e the door (sonido \u00abz\u00bb como una abeja)<\/cite><\/blockquote>\n\n\n\n<h4 class=\"has-text-color wp-block-heading\" style=\"color:#326370\">Introducci\u00f3n<\/h4>\n\n\n\n<p>D\u00e9jame presentarme, soy Adeline, una cantante de origen franc\u00e9s que vivi\u00f3 en Inglaterra y ahora reside en Barcelona.<\/p>\n\n\n\n<p>Cuento con 20 a\u00f1os de experiencia como cantante en ingl\u00e9s (incluyendo 13 a\u00f1os en Inglaterra), estoy aqu\u00ed para ayudarte. No soy una profesora de canto, soy una coach vocal para el ingl\u00e9s.<\/p>\n\n\n\n<p style=\"font-size:16px\">He aqu\u00ed un ejemplo de una canci\u00f3n donde canto en ingl\u00e9s:<\/p>\n\n\n\n<figure class=\"wp-block-embed aligncenter is-type-rich is-provider-spotify wp-block-embed-spotify wp-embed-aspect-21-9 wp-has-aspect-ratio\"><div class=\"wp-block-embed__wrapper\">\n<iframe title=\"Spotify Embed: Tear Me Apart\" style=\"border-radius: 12px\" width=\"100%\" height=\"152\" frameborder=\"0\" allowfullscreen allow=\"autoplay; clipboard-write; encrypted-media; fullscreen; picture-in-picture\" loading=\"lazy\" src=\"https:\/\/open.spotify.com\/embed\/track\/48jYqGtUOmSvYoci60CxaC?si=viiW5oCIRGePqY2afBsHsw&#038;utm_source=oembed\"><\/iframe>\n<\/div><\/figure>\n\n\n\n<h4 class=\"has-text-color wp-block-heading\" style=\"color:#326370\">Servicios<\/h4>\n\n\n\n<ul class=\"wp-block-list\"><li>clases particulares adaptadas a tus necesidades<\/li><li>ayuda con la pronunciaci\u00f3n<\/li><li>comprensi\u00f3n de texto<\/li><li>revisi\u00f3n de textos originales<\/li><li>asistencia en grabaci\u00f3n en estudio<\/li><li>posibilidad de clases en l\u00ednea (Skype)<\/li><li>traducci\u00f3n o creaci\u00f3n de letra en ingl\u00e9s<\/li><\/ul>\n\n\n\n<div class=\"wp-block-group\"><div class=\"wp-block-group__inner-container is-layout-flow wp-block-group-is-layout-flow\">\n<p class=\"has-accent-color has-text-color has-small-font-size\">Sesi\u00f3n de una hora, packs de varias sesiones disponibles a un precio atractivo. <a href=\"mailto:adeline@englishforsingers.com\">Contacta<\/a> conmigo para m\u00e1s informaci\u00f3n.<\/p>\n<\/div><\/div>\n\n\n\n<blockquote class=\"wp-block-quote has-text-align-right is-style-default is-layout-flow wp-block-quote-is-layout-flow\"><p><em>\u00bfSab\u00edas que?<\/em><\/p><cite>Algunas letras\/s\u00edlabas\/palabras pueden ser omitidas para facilitar la pronunciaci\u00f3n<br>y no cambiar\u00e1n el significado de la frase&#8230;<br><br>\u00a1Pero ten cuidado de no quitar cualquiera!<\/cite><\/blockquote>\n\n\n\n<h4 class=\"has-text-color wp-block-heading\" style=\"color:#326370\">Resultados<\/h4>\n\n\n\n<p>\u00bfQu\u00e9 obtendr\u00e1s con mis sesiones de coaching?<\/p>\n\n\n\n<ul class=\"wp-block-list\"><li>te sentir\u00e1s m\u00e1s segur@ de ti mism@ cuando entiendes lo que est\u00e1s cantando<\/li><li>transmitir\u00e1s mejor las emociones del texto<\/li><li>tendr\u00e1s m\u00e1s credibilidad frente a una audiencia internacional<\/li><li>estar\u00e1s preparad@ para lanzarte a una carrera internacional<\/li><\/ul>\n\n\n\n<p class=\"has-background-background-color has-text-color has-background\" style=\"color:#0a7fb1\">No dudes en escribirme para una evaluaci\u00f3n, cualquier otra pregunta, precios, etc. aqu\u00ed:&nbsp;<a href=\"mailto:adeline@englishforsingers.com\">adeline@englishforsingers.com<\/a><\/p>\n\n\n\n<hr class=\"wp-block-separator has-css-opacity\"\/>\n\n\n\n<figure class=\"wp-block-image size-large\"><img loading=\"lazy\" decoding=\"async\" width=\"1024\" height=\"1024\" src=\"http:\/\/www.englishforsingers.com\/wp-content\/uploads\/\/Pierre-ESP-1024x1024.png\" alt=\"\" class=\"wp-image-121\" srcset=\"http:\/\/www.englishforsingers.com\/wp-content\/uploads\/Pierre-ESP-1024x1024.png 1024w, http:\/\/www.englishforsingers.com\/wp-content\/uploads\/Pierre-ESP-300x300.png 300w, http:\/\/www.englishforsingers.com\/wp-content\/uploads\/Pierre-ESP-150x150.png 150w, http:\/\/www.englishforsingers.com\/wp-content\/uploads\/Pierre-ESP-768x768.png 768w, http:\/\/www.englishforsingers.com\/wp-content\/uploads\/Pierre-ESP.png 1080w\" sizes=\"auto, (max-width: 1024px) 100vw, 1024px\" \/><\/figure>\n\n\n\n<figure class=\"wp-block-image size-large\"><img loading=\"lazy\" decoding=\"async\" width=\"1024\" height=\"1024\" src=\"http:\/\/www.englishforsingers.com\/wp-content\/uploads\/\/Ro-ESP-1024x1024.png\" alt=\"\" class=\"wp-image-139\" srcset=\"http:\/\/www.englishforsingers.com\/wp-content\/uploads\/Ro-ESP-1024x1024.png 1024w, http:\/\/www.englishforsingers.com\/wp-content\/uploads\/Ro-ESP-300x300.png 300w, http:\/\/www.englishforsingers.com\/wp-content\/uploads\/Ro-ESP-150x150.png 150w, http:\/\/www.englishforsingers.com\/wp-content\/uploads\/Ro-ESP-768x768.png 768w, http:\/\/www.englishforsingers.com\/wp-content\/uploads\/Ro-ESP.png 1080w\" sizes=\"auto, (max-width: 1024px) 100vw, 1024px\" \/><\/figure>\n\n\n\n<figure class=\"wp-block-image size-large\"><img loading=\"lazy\" decoding=\"async\" width=\"1024\" height=\"1024\" src=\"http:\/\/www.englishforsingers.com\/wp-content\/uploads\/\/Edu-ESP-1024x1024.png\" alt=\"\" class=\"wp-image-227\" srcset=\"http:\/\/www.englishforsingers.com\/wp-content\/uploads\/Edu-ESP-1024x1024.png 1024w, http:\/\/www.englishforsingers.com\/wp-content\/uploads\/Edu-ESP-300x300.png 300w, http:\/\/www.englishforsingers.com\/wp-content\/uploads\/Edu-ESP-150x150.png 150w, http:\/\/www.englishforsingers.com\/wp-content\/uploads\/Edu-ESP-768x768.png 768w, http:\/\/www.englishforsingers.com\/wp-content\/uploads\/Edu-ESP.png 1080w\" sizes=\"auto, (max-width: 1024px) 100vw, 1024px\" \/><\/figure>\n\n\n\n<div class=\"wp-block-columns is-layout-flex wp-container-core-columns-is-layout-9d6595d7 wp-block-columns-is-layout-flex\">\n<div class=\"wp-block-column is-layout-flow wp-block-column-is-layout-flow\"><\/div>\n\n\n\n<div class=\"wp-block-column is-layout-flow wp-block-column-is-layout-flow\"><\/div>\n\n\n\n<div class=\"wp-block-column is-layout-flow wp-block-column-is-layout-flow\"><\/div>\n<\/div>\n","protected":false},"excerpt":{"rendered":"<p>\u00bfEres cantante? \u00bfCantas en ingl\u00e9s? Lee a continuaci\u00f3n para saber c\u00f3mo te puedo ayudar\u2026 \u00bfTe gusta cantar en ingl\u00e9s pero la pronunciaci\u00f3n no siempre te resulta f\u00e1cil? \u00bfTienes un proyecto en mente, una audici\u00f3n, una grabaci\u00f3n, y te gustar\u00eda mejorar tu pronunciaci\u00f3n en las canciones en ingl\u00e9s? \u00a1Estoy aqu\u00ed para ayudarte! \u00bfSab\u00edas que? La letra [&hellip;]<\/p>\n","protected":false},"author":1,"featured_media":0,"parent":0,"menu_order":0,"comment_status":"closed","ping_status":"closed","template":"templates\/template-cover.php","meta":{"footnotes":""},"class_list":["post-57","page","type-page","status-publish","hentry"],"yoast_head":"<!-- This site is optimized with the Yoast SEO plugin v27.5 - https:\/\/yoast.com\/product\/yoast-seo-wordpress\/ -->\n<title>para cantantes - English For Singers<\/title>\n<meta name=\"description\" content=\"Sesiones de coaching vocal para ayudar a los cantantes a cantar en ingl\u00e9s, para non-anglohablantes (franc\u00e9s, espa\u00f1ol, italiano, portugu\u00e9s, alem\u00e1n, etc)\" \/>\n<meta name=\"robots\" content=\"index, follow, max-snippet:-1, max-image-preview:large, max-video-preview:-1\" \/>\n<link rel=\"canonical\" href=\"http:\/\/www.englishforsingers.com\/es\/for-singers\/\" \/>\n<meta property=\"og:locale\" content=\"es_ES\" \/>\n<meta property=\"og:type\" content=\"article\" \/>\n<meta property=\"og:title\" content=\"para cantantes - English For Singers\" \/>\n<meta property=\"og:description\" content=\"Sesiones de coaching vocal para ayudar a los cantantes a cantar en ingl\u00e9s, para non-anglohablantes (franc\u00e9s, espa\u00f1ol, italiano, portugu\u00e9s, alem\u00e1n, etc)\" \/>\n<meta property=\"og:url\" content=\"http:\/\/www.englishforsingers.com\/es\/for-singers\/\" \/>\n<meta property=\"og:site_name\" content=\"English For Singers\" \/>\n<meta property=\"article:modified_time\" content=\"2022-10-27T16:56:00+00:00\" \/>\n<meta property=\"og:image\" content=\"http:\/\/www.englishforsingers.com\/wp-content\/uploads\/Circle-Photo.png\" \/>\n<meta name=\"twitter:card\" content=\"summary_large_image\" \/>\n<meta name=\"twitter:label1\" content=\"Tiempo de lectura\" \/>\n\t<meta name=\"twitter:data1\" content=\"3 minutos\" \/>\n<script type=\"application\/ld+json\" class=\"yoast-schema-graph\">{\"@context\":\"https:\\\/\\\/schema.org\",\"@graph\":[{\"@type\":\"WebPage\",\"@id\":\"http:\\\/\\\/www.englishforsingers.com\\\/es\\\/for-singers\\\/\",\"url\":\"http:\\\/\\\/www.englishforsingers.com\\\/es\\\/for-singers\\\/\",\"name\":\"para cantantes - English For Singers\",\"isPartOf\":{\"@id\":\"http:\\\/\\\/www.englishforsingers.com\\\/es\\\/#website\"},\"primaryImageOfPage\":{\"@id\":\"http:\\\/\\\/www.englishforsingers.com\\\/es\\\/for-singers\\\/#primaryimage\"},\"image\":{\"@id\":\"http:\\\/\\\/www.englishforsingers.com\\\/es\\\/for-singers\\\/#primaryimage\"},\"thumbnailUrl\":\"http:\\\/\\\/www.englishforsingers.com\\\/wp-content\\\/uploads\\\/Circle-Photo.png\",\"datePublished\":\"2020-06-01T15:47:00+00:00\",\"dateModified\":\"2022-10-27T16:56:00+00:00\",\"description\":\"Sesiones de coaching vocal para ayudar a los cantantes a cantar en ingl\u00e9s, para non-anglohablantes (franc\u00e9s, espa\u00f1ol, italiano, portugu\u00e9s, alem\u00e1n, etc)\",\"breadcrumb\":{\"@id\":\"http:\\\/\\\/www.englishforsingers.com\\\/es\\\/for-singers\\\/#breadcrumb\"},\"inLanguage\":\"es\",\"potentialAction\":[{\"@type\":\"ReadAction\",\"target\":[\"http:\\\/\\\/www.englishforsingers.com\\\/es\\\/for-singers\\\/\"]}]},{\"@type\":\"ImageObject\",\"inLanguage\":\"es\",\"@id\":\"http:\\\/\\\/www.englishforsingers.com\\\/es\\\/for-singers\\\/#primaryimage\",\"url\":\"http:\\\/\\\/www.englishforsingers.com\\\/wp-content\\\/uploads\\\/Circle-Photo.png\",\"contentUrl\":\"http:\\\/\\\/www.englishforsingers.com\\\/wp-content\\\/uploads\\\/Circle-Photo.png\"},{\"@type\":\"BreadcrumbList\",\"@id\":\"http:\\\/\\\/www.englishforsingers.com\\\/es\\\/for-singers\\\/#breadcrumb\",\"itemListElement\":[{\"@type\":\"ListItem\",\"position\":1,\"name\":\"Home\",\"item\":\"http:\\\/\\\/www.englishforsingers.com\\\/es\\\/\"},{\"@type\":\"ListItem\",\"position\":2,\"name\":\"para cantantes\"}]},{\"@type\":\"WebSite\",\"@id\":\"http:\\\/\\\/www.englishforsingers.com\\\/es\\\/#website\",\"url\":\"http:\\\/\\\/www.englishforsingers.com\\\/es\\\/\",\"name\":\"English For Singers\",\"description\":\"vocal coach for non-natives\",\"publisher\":{\"@id\":\"http:\\\/\\\/www.englishforsingers.com\\\/es\\\/#organization\"},\"potentialAction\":[{\"@type\":\"SearchAction\",\"target\":{\"@type\":\"EntryPoint\",\"urlTemplate\":\"http:\\\/\\\/www.englishforsingers.com\\\/es\\\/?s={search_term_string}\"},\"query-input\":{\"@type\":\"PropertyValueSpecification\",\"valueRequired\":true,\"valueName\":\"search_term_string\"}}],\"inLanguage\":\"es\"},{\"@type\":\"Organization\",\"@id\":\"http:\\\/\\\/www.englishforsingers.com\\\/es\\\/#organization\",\"name\":\"English For Singers\",\"url\":\"http:\\\/\\\/www.englishforsingers.com\\\/es\\\/\",\"logo\":{\"@type\":\"ImageObject\",\"inLanguage\":\"es\",\"@id\":\"http:\\\/\\\/www.englishforsingers.com\\\/es\\\/#\\\/schema\\\/logo\\\/image\\\/\",\"url\":\"http:\\\/\\\/www.englishforsingers.com\\\/wp-content\\\/uploads\\\/imageedit_2_7632300616.png\",\"contentUrl\":\"http:\\\/\\\/www.englishforsingers.com\\\/wp-content\\\/uploads\\\/imageedit_2_7632300616.png\",\"width\":500,\"height\":500,\"caption\":\"English For Singers\"},\"image\":{\"@id\":\"http:\\\/\\\/www.englishforsingers.com\\\/es\\\/#\\\/schema\\\/logo\\\/image\\\/\"}}]}<\/script>\n<!-- \/ Yoast SEO plugin. -->","yoast_head_json":{"title":"para cantantes - English For Singers","description":"Sesiones de coaching vocal para ayudar a los cantantes a cantar en ingl\u00e9s, para non-anglohablantes (franc\u00e9s, espa\u00f1ol, italiano, portugu\u00e9s, alem\u00e1n, etc)","robots":{"index":"index","follow":"follow","max-snippet":"max-snippet:-1","max-image-preview":"max-image-preview:large","max-video-preview":"max-video-preview:-1"},"canonical":"http:\/\/www.englishforsingers.com\/es\/for-singers\/","og_locale":"es_ES","og_type":"article","og_title":"para cantantes - English For Singers","og_description":"Sesiones de coaching vocal para ayudar a los cantantes a cantar en ingl\u00e9s, para non-anglohablantes (franc\u00e9s, espa\u00f1ol, italiano, portugu\u00e9s, alem\u00e1n, etc)","og_url":"http:\/\/www.englishforsingers.com\/es\/for-singers\/","og_site_name":"English For Singers","article_modified_time":"2022-10-27T16:56:00+00:00","og_image":[{"url":"http:\/\/www.englishforsingers.com\/wp-content\/uploads\/Circle-Photo.png","type":"","width":"","height":""}],"twitter_card":"summary_large_image","twitter_misc":{"Tiempo de lectura":"3 minutos"},"schema":{"@context":"https:\/\/schema.org","@graph":[{"@type":"WebPage","@id":"http:\/\/www.englishforsingers.com\/es\/for-singers\/","url":"http:\/\/www.englishforsingers.com\/es\/for-singers\/","name":"para cantantes - English For Singers","isPartOf":{"@id":"http:\/\/www.englishforsingers.com\/es\/#website"},"primaryImageOfPage":{"@id":"http:\/\/www.englishforsingers.com\/es\/for-singers\/#primaryimage"},"image":{"@id":"http:\/\/www.englishforsingers.com\/es\/for-singers\/#primaryimage"},"thumbnailUrl":"http:\/\/www.englishforsingers.com\/wp-content\/uploads\/Circle-Photo.png","datePublished":"2020-06-01T15:47:00+00:00","dateModified":"2022-10-27T16:56:00+00:00","description":"Sesiones de coaching vocal para ayudar a los cantantes a cantar en ingl\u00e9s, para non-anglohablantes (franc\u00e9s, espa\u00f1ol, italiano, portugu\u00e9s, alem\u00e1n, etc)","breadcrumb":{"@id":"http:\/\/www.englishforsingers.com\/es\/for-singers\/#breadcrumb"},"inLanguage":"es","potentialAction":[{"@type":"ReadAction","target":["http:\/\/www.englishforsingers.com\/es\/for-singers\/"]}]},{"@type":"ImageObject","inLanguage":"es","@id":"http:\/\/www.englishforsingers.com\/es\/for-singers\/#primaryimage","url":"http:\/\/www.englishforsingers.com\/wp-content\/uploads\/Circle-Photo.png","contentUrl":"http:\/\/www.englishforsingers.com\/wp-content\/uploads\/Circle-Photo.png"},{"@type":"BreadcrumbList","@id":"http:\/\/www.englishforsingers.com\/es\/for-singers\/#breadcrumb","itemListElement":[{"@type":"ListItem","position":1,"name":"Home","item":"http:\/\/www.englishforsingers.com\/es\/"},{"@type":"ListItem","position":2,"name":"para cantantes"}]},{"@type":"WebSite","@id":"http:\/\/www.englishforsingers.com\/es\/#website","url":"http:\/\/www.englishforsingers.com\/es\/","name":"English For Singers","description":"vocal coach for non-natives","publisher":{"@id":"http:\/\/www.englishforsingers.com\/es\/#organization"},"potentialAction":[{"@type":"SearchAction","target":{"@type":"EntryPoint","urlTemplate":"http:\/\/www.englishforsingers.com\/es\/?s={search_term_string}"},"query-input":{"@type":"PropertyValueSpecification","valueRequired":true,"valueName":"search_term_string"}}],"inLanguage":"es"},{"@type":"Organization","@id":"http:\/\/www.englishforsingers.com\/es\/#organization","name":"English For Singers","url":"http:\/\/www.englishforsingers.com\/es\/","logo":{"@type":"ImageObject","inLanguage":"es","@id":"http:\/\/www.englishforsingers.com\/es\/#\/schema\/logo\/image\/","url":"http:\/\/www.englishforsingers.com\/wp-content\/uploads\/imageedit_2_7632300616.png","contentUrl":"http:\/\/www.englishforsingers.com\/wp-content\/uploads\/imageedit_2_7632300616.png","width":500,"height":500,"caption":"English For Singers"},"image":{"@id":"http:\/\/www.englishforsingers.com\/es\/#\/schema\/logo\/image\/"}}]}},"_links":{"self":[{"href":"http:\/\/www.englishforsingers.com\/es\/wp-json\/wp\/v2\/pages\/57","targetHints":{"allow":["GET"]}}],"collection":[{"href":"http:\/\/www.englishforsingers.com\/es\/wp-json\/wp\/v2\/pages"}],"about":[{"href":"http:\/\/www.englishforsingers.com\/es\/wp-json\/wp\/v2\/types\/page"}],"author":[{"embeddable":true,"href":"http:\/\/www.englishforsingers.com\/es\/wp-json\/wp\/v2\/users\/1"}],"replies":[{"embeddable":true,"href":"http:\/\/www.englishforsingers.com\/es\/wp-json\/wp\/v2\/comments?post=57"}],"version-history":[{"count":26,"href":"http:\/\/www.englishforsingers.com\/es\/wp-json\/wp\/v2\/pages\/57\/revisions"}],"predecessor-version":[{"id":284,"href":"http:\/\/www.englishforsingers.com\/es\/wp-json\/wp\/v2\/pages\/57\/revisions\/284"}],"wp:attachment":[{"href":"http:\/\/www.englishforsingers.com\/es\/wp-json\/wp\/v2\/media?parent=57"}],"curies":[{"name":"wp","href":"https:\/\/api.w.org\/{rel}","templated":true}]}}