{"id":177,"date":"2020-10-17T20:07:47","date_gmt":"2020-10-17T18:07:47","guid":{"rendered":"http:\/\/www.englishforsingers.com\/?page_id=177"},"modified":"2022-10-27T18:54:58","modified_gmt":"2022-10-27T16:54:58","slug":"for-studios-2","status":"publish","type":"page","link":"http:\/\/www.englishforsingers.com\/fr\/for-studios-2\/","title":{"rendered":"pour les studios"},"content":{"rendered":"\n<p class=\"has-accent-color has-text-color has-normal-font-size\">Enregistrez-vous souvent des personnes qui chantent en anglais alors que ce n&rsquo;est pas leur langue maternelle ? D\u00e9couvrez ci-dessous comment je peux vous aider\u2026<\/p>\n\n\n\n<hr class=\"wp-block-separator has-css-opacity\"\/>\n\n\n\n<div class=\"wp-block-media-text alignwide is-stacked-on-mobile\"><figure class=\"wp-block-media-text__media\"><img decoding=\"async\" src=\"http:\/\/www.englishforsingers.com\/wp-content\/uploads\/69332322_10156852515624582_3500813055397199872_n-e1605714095382.jpg\" alt=\"\" class=\"wp-image-14 size-full\"\/><\/figure><div class=\"wp-block-media-text__content\">\n<p class=\"has-small-font-size\">Enregistrez-vous des chanteur\u00b7euses qui ont des difficult\u00e9s de prononciation en anglais ? Vous ne savez pas expliquer ce qui ne sonne pas correctement ? Ou vous avez simplement besoin que quelqu&rsquo;un v\u00e9rifie la bonne prononciation des paroles ?<\/p>\n\n\n\n<p class=\"has-accent-color has-background-background-color has-text-color has-background\">Je suis l\u00e0 pour vous aider !<\/p>\n<\/div><\/div>\n\n\n\n<blockquote class=\"wp-block-quote has-text-align-right is-style-default is-layout-flow wp-block-quote-is-layout-flow\"><p><em><em>Le saviez-vous <\/em>?<\/em><\/p><cite>On prononce le \u00ab\u00a0S\u00a0\u00bb du mot \u00ab\u00a0close\u00a0\u00bb diff\u00e9remment selon le contexte:<br><br>Clo<strong>s<\/strong>e to you (son \u00ab\u00a0ss\u00a0\u00bb) | Clo<strong>s<\/strong>e the door (son \u00ab\u00a0z\u00a0\u00bb)<\/cite><\/blockquote>\n\n\n\n<h4 class=\"has-text-color wp-block-heading\" style=\"color:#326370\">Introduction<\/h4>\n\n\n\n<p>Je me pr\u00e9sente, je suis Adeline, chanteuse d&rsquo;origine fran\u00e7aise ayant v\u00e9cu en Angleterre et r\u00e9sidant maintenant \u00e0 Barcelone.<\/p>\n\n\n\n<p>Avec 20 ans d&rsquo;exp\u00e9rience en tant que chanteuse en anglais (dont 13 ans en Angleterre) en studio et sur sc\u00e8ne, je suis l\u00e0 pour vous aider. Je ne suis pas une prof de chant, je suis une coach vocale pour l&rsquo;anglais non natif et je serai l\u00e0 pour accompagner le\/la chanteur\u00b7euse pendant l&rsquo;enregistrement, et travailler aux c\u00f4t\u00e9s de l&rsquo;ing\u00e9nieur du son.<\/p>\n\n\n\n<p style=\"font-size:16px\">Voici un exemple de chanson sur laquelle je chante en anglais :<\/p>\n\n\n\n<figure class=\"wp-block-embed aligncenter is-type-rich is-provider-spotify wp-block-embed-spotify wp-embed-aspect-21-9 wp-has-aspect-ratio\"><div class=\"wp-block-embed__wrapper\">\n<iframe title=\"Spotify Embed: Tear Me Apart\" style=\"border-radius: 12px\" width=\"100%\" height=\"152\" frameborder=\"0\" allowfullscreen allow=\"autoplay; clipboard-write; encrypted-media; fullscreen; picture-in-picture\" loading=\"lazy\" src=\"https:\/\/open.spotify.com\/embed\/track\/48jYqGtUOmSvYoci60CxaC?si=viiW5oCIRGePqY2afBsHsw&#038;utm_source=oembed\"><\/iframe>\n<\/div><\/figure>\n\n\n\n<h4 class=\"has-text-color wp-block-heading\" style=\"color:#326370\">Service<\/h4>\n\n\n\n<ul class=\"wp-block-list\"><li>r\u00e9vision et coaching pr\u00e9-enregistrement<\/li><li>aide \u00e0 la prononciation<\/li><li>compr\u00e9hension de texte<\/li><li>coaching en studio pendant l&rsquo;enregistrement<\/li><li>r\u00e9vision (avec l&rsquo;ing\u00e9nieur du son) post-enregistrement<\/li><li>traduction ou cr\u00e9ation de paroles en anglais<\/li><\/ul>\n\n\n\n<div class=\"wp-block-group\"><div class=\"wp-block-group__inner-container is-layout-flow wp-block-group-is-layout-flow\">\n<p class=\"has-accent-color has-text-color has-small-font-size\">Session de 2h minimum, packs de plusieurs sessions disponibles \u00e0 un prix int\u00e9ressant. <a href=\"mailto:adeline@englishforsingers.com\">Contactez-moi<\/a> pour en savoir plus<\/p>\n<\/div><\/div>\n\n\n\n<blockquote class=\"wp-block-quote has-text-align-right is-style-default is-layout-flow wp-block-quote-is-layout-flow\"><p><em><em>Le saviez-v<\/em>ous ?<\/em><\/p><cite>On peut omettre certaines lettres\/syllabes\/paroles pour rendre la prononciation<br>plus facile et elles ne changeront pas le sens de la phrase&#8230;<br><br>Par contre, attention de ne pas enlever n&rsquo;importe quel mot !<\/cite><\/blockquote>\n\n\n\n<h4 class=\"has-text-color wp-block-heading\" style=\"color:#326370\">R\u00e9sultats<\/h4>\n\n\n\n<p>Qu&rsquo;apporteront mes sessions de coaching \u00e0 vos clients ?<\/p>\n\n\n\n<ul class=\"wp-block-list\"><li>ils\/elles se sentiront plus s\u00fbr\u00b7es en comprenant les paroles<\/li><li>ils\/elles pourront mieux transmettre les \u00e9motions du texte<\/li><li>augmenter leur cr\u00e9dibilit\u00e9 devant un public international<\/li><li>ils\/elles seront pr\u00e9par\u00e9\u00b7es au lancement d&rsquo;une carri\u00e8re internationale<\/li><\/ul>\n\n\n\n<p>&#8230; Et VOUS pourrez \u00eatre fiers du r\u00e9sultat professionnel obtenu<\/p>\n\n\n\n<p class=\"has-background-background-color has-text-color has-background\" style=\"color:#0a7fb1\">N&rsquo;h\u00e9sitez pas \u00e0 m&rsquo;\u00e9crire pour une \u00e9valuation et autres questions, prix, etc. ici : <a href=\"mailto:adeline@englishforsingers.com\">adeline@englishforsingers.com<\/a><\/p>\n\n\n\n<hr class=\"wp-block-separator has-css-opacity\"\/>\n\n\n\n<figure class=\"wp-block-image size-large\"><img loading=\"lazy\" decoding=\"async\" width=\"1024\" height=\"1024\" src=\"http:\/\/www.englishforsingers.com\/wp-content\/uploads\/\/Pierre-FR-1-1024x1024.png\" alt=\"\" class=\"wp-image-114\" srcset=\"http:\/\/www.englishforsingers.com\/wp-content\/uploads\/Pierre-FR-1-1024x1024.png 1024w, http:\/\/www.englishforsingers.com\/wp-content\/uploads\/Pierre-FR-1-300x300.png 300w, http:\/\/www.englishforsingers.com\/wp-content\/uploads\/Pierre-FR-1-150x150.png 150w, http:\/\/www.englishforsingers.com\/wp-content\/uploads\/Pierre-FR-1-768x768.png 768w, http:\/\/www.englishforsingers.com\/wp-content\/uploads\/Pierre-FR-1.png 1080w\" sizes=\"auto, (max-width: 1024px) 100vw, 1024px\" \/><\/figure>\n\n\n\n<figure class=\"wp-block-image size-large\"><img loading=\"lazy\" decoding=\"async\" width=\"1024\" height=\"1024\" src=\"http:\/\/www.englishforsingers.com\/wp-content\/uploads\/\/Ro-FR-1024x1024.png\" alt=\"\" class=\"wp-image-134\" srcset=\"http:\/\/www.englishforsingers.com\/wp-content\/uploads\/Ro-FR-1024x1024.png 1024w, http:\/\/www.englishforsingers.com\/wp-content\/uploads\/Ro-FR-300x300.png 300w, http:\/\/www.englishforsingers.com\/wp-content\/uploads\/Ro-FR-150x150.png 150w, http:\/\/www.englishforsingers.com\/wp-content\/uploads\/Ro-FR-768x768.png 768w, http:\/\/www.englishforsingers.com\/wp-content\/uploads\/Ro-FR.png 1080w\" sizes=\"auto, (max-width: 1024px) 100vw, 1024px\" \/><\/figure>\n\n\n\n<figure class=\"wp-block-image size-large\"><img loading=\"lazy\" decoding=\"async\" width=\"1024\" height=\"1024\" src=\"http:\/\/www.englishforsingers.com\/wp-content\/uploads\/\/Edu-FR-1024x1024.png\" alt=\"\" class=\"wp-image-229\" srcset=\"http:\/\/www.englishforsingers.com\/wp-content\/uploads\/Edu-FR-1024x1024.png 1024w, http:\/\/www.englishforsingers.com\/wp-content\/uploads\/Edu-FR-300x300.png 300w, http:\/\/www.englishforsingers.com\/wp-content\/uploads\/Edu-FR-150x150.png 150w, http:\/\/www.englishforsingers.com\/wp-content\/uploads\/Edu-FR-768x768.png 768w, http:\/\/www.englishforsingers.com\/wp-content\/uploads\/Edu-FR.png 1080w\" sizes=\"auto, (max-width: 1024px) 100vw, 1024px\" \/><\/figure>\n\n\n\n<div class=\"wp-block-columns is-layout-flex wp-container-core-columns-is-layout-9d6595d7 wp-block-columns-is-layout-flex\">\n<div class=\"wp-block-column is-layout-flow wp-block-column-is-layout-flow\"><\/div>\n\n\n\n<div class=\"wp-block-column is-layout-flow wp-block-column-is-layout-flow\"><\/div>\n\n\n\n<div class=\"wp-block-column is-layout-flow wp-block-column-is-layout-flow\"><\/div>\n<\/div>\n","protected":false},"excerpt":{"rendered":"<p>Enregistrez-vous souvent des personnes qui chantent en anglais alors que ce n&rsquo;est pas leur langue maternelle ? D\u00e9couvrez ci-dessous comment je peux vous aider\u2026 Enregistrez-vous des chanteur\u00b7euses qui ont des difficult\u00e9s de prononciation en anglais ? Vous ne savez pas expliquer ce qui ne sonne pas correctement ? Ou vous avez simplement besoin que quelqu&rsquo;un [&hellip;]<\/p>\n","protected":false},"author":1,"featured_media":0,"parent":0,"menu_order":0,"comment_status":"closed","ping_status":"closed","template":"templates\/template-cover.php","meta":{"footnotes":""},"class_list":["post-177","page","type-page","status-publish","hentry"],"yoast_head":"<!-- This site is optimized with the Yoast SEO plugin v27.5 - https:\/\/yoast.com\/product\/yoast-seo-wordpress\/ -->\n<title>pour les studios - English For Singers<\/title>\n<meta name=\"robots\" content=\"index, follow, max-snippet:-1, max-image-preview:large, max-video-preview:-1\" \/>\n<link rel=\"canonical\" href=\"http:\/\/www.englishforsingers.com\/fr\/for-studios-2\/\" \/>\n<meta property=\"og:locale\" content=\"fr_FR\" \/>\n<meta property=\"og:type\" content=\"article\" \/>\n<meta property=\"og:title\" content=\"pour les studios - English For Singers\" \/>\n<meta property=\"og:description\" content=\"Enregistrez-vous souvent des personnes qui chantent en anglais alors que ce n&rsquo;est pas leur langue maternelle ? D\u00e9couvrez ci-dessous comment je peux vous aider\u2026 Enregistrez-vous des chanteur\u00b7euses qui ont des difficult\u00e9s de prononciation en anglais ? Vous ne savez pas expliquer ce qui ne sonne pas correctement ? Ou vous avez simplement besoin que quelqu&rsquo;un [&hellip;]\" \/>\n<meta property=\"og:url\" content=\"http:\/\/www.englishforsingers.com\/fr\/for-studios-2\/\" \/>\n<meta property=\"og:site_name\" content=\"English For Singers\" \/>\n<meta property=\"article:modified_time\" content=\"2022-10-27T16:54:58+00:00\" \/>\n<meta property=\"og:image\" content=\"http:\/\/www.englishforsingers.com\/wp-content\/uploads\/69332322_10156852515624582_3500813055397199872_n-e1605714095382.jpg\" \/>\n<meta name=\"twitter:card\" content=\"summary_large_image\" \/>\n<meta name=\"twitter:label1\" content=\"Dur\u00e9e de lecture estim\u00e9e\" \/>\n\t<meta name=\"twitter:data1\" content=\"3 minutes\" \/>\n<script type=\"application\/ld+json\" class=\"yoast-schema-graph\">{\"@context\":\"https:\\\/\\\/schema.org\",\"@graph\":[{\"@type\":\"WebPage\",\"@id\":\"http:\\\/\\\/www.englishforsingers.com\\\/fr\\\/for-studios-2\\\/\",\"url\":\"http:\\\/\\\/www.englishforsingers.com\\\/fr\\\/for-studios-2\\\/\",\"name\":\"pour les studios - English For Singers\",\"isPartOf\":{\"@id\":\"http:\\\/\\\/www.englishforsingers.com\\\/fr\\\/#website\"},\"primaryImageOfPage\":{\"@id\":\"http:\\\/\\\/www.englishforsingers.com\\\/fr\\\/for-studios-2\\\/#primaryimage\"},\"image\":{\"@id\":\"http:\\\/\\\/www.englishforsingers.com\\\/fr\\\/for-studios-2\\\/#primaryimage\"},\"thumbnailUrl\":\"http:\\\/\\\/www.englishforsingers.com\\\/wp-content\\\/uploads\\\/69332322_10156852515624582_3500813055397199872_n-e1605714095382.jpg\",\"datePublished\":\"2020-10-17T18:07:47+00:00\",\"dateModified\":\"2022-10-27T16:54:58+00:00\",\"breadcrumb\":{\"@id\":\"http:\\\/\\\/www.englishforsingers.com\\\/fr\\\/for-studios-2\\\/#breadcrumb\"},\"inLanguage\":\"fr-FR\",\"potentialAction\":[{\"@type\":\"ReadAction\",\"target\":[\"http:\\\/\\\/www.englishforsingers.com\\\/fr\\\/for-studios-2\\\/\"]}]},{\"@type\":\"ImageObject\",\"inLanguage\":\"fr-FR\",\"@id\":\"http:\\\/\\\/www.englishforsingers.com\\\/fr\\\/for-studios-2\\\/#primaryimage\",\"url\":\"http:\\\/\\\/www.englishforsingers.com\\\/wp-content\\\/uploads\\\/69332322_10156852515624582_3500813055397199872_n-e1605714095382.jpg\",\"contentUrl\":\"http:\\\/\\\/www.englishforsingers.com\\\/wp-content\\\/uploads\\\/69332322_10156852515624582_3500813055397199872_n-e1605714095382.jpg\"},{\"@type\":\"BreadcrumbList\",\"@id\":\"http:\\\/\\\/www.englishforsingers.com\\\/fr\\\/for-studios-2\\\/#breadcrumb\",\"itemListElement\":[{\"@type\":\"ListItem\",\"position\":1,\"name\":\"Home\",\"item\":\"http:\\\/\\\/www.englishforsingers.com\\\/fr\\\/\"},{\"@type\":\"ListItem\",\"position\":2,\"name\":\"pour les studios\"}]},{\"@type\":\"WebSite\",\"@id\":\"http:\\\/\\\/www.englishforsingers.com\\\/fr\\\/#website\",\"url\":\"http:\\\/\\\/www.englishforsingers.com\\\/fr\\\/\",\"name\":\"English For Singers\",\"description\":\"vocal coach for non-natives\",\"publisher\":{\"@id\":\"http:\\\/\\\/www.englishforsingers.com\\\/fr\\\/#organization\"},\"potentialAction\":[{\"@type\":\"SearchAction\",\"target\":{\"@type\":\"EntryPoint\",\"urlTemplate\":\"http:\\\/\\\/www.englishforsingers.com\\\/fr\\\/?s={search_term_string}\"},\"query-input\":{\"@type\":\"PropertyValueSpecification\",\"valueRequired\":true,\"valueName\":\"search_term_string\"}}],\"inLanguage\":\"fr-FR\"},{\"@type\":\"Organization\",\"@id\":\"http:\\\/\\\/www.englishforsingers.com\\\/fr\\\/#organization\",\"name\":\"English For Singers\",\"url\":\"http:\\\/\\\/www.englishforsingers.com\\\/fr\\\/\",\"logo\":{\"@type\":\"ImageObject\",\"inLanguage\":\"fr-FR\",\"@id\":\"http:\\\/\\\/www.englishforsingers.com\\\/fr\\\/#\\\/schema\\\/logo\\\/image\\\/\",\"url\":\"http:\\\/\\\/www.englishforsingers.com\\\/wp-content\\\/uploads\\\/imageedit_2_7632300616.png\",\"contentUrl\":\"http:\\\/\\\/www.englishforsingers.com\\\/wp-content\\\/uploads\\\/imageedit_2_7632300616.png\",\"width\":500,\"height\":500,\"caption\":\"English For Singers\"},\"image\":{\"@id\":\"http:\\\/\\\/www.englishforsingers.com\\\/fr\\\/#\\\/schema\\\/logo\\\/image\\\/\"}}]}<\/script>\n<!-- \/ Yoast SEO plugin. -->","yoast_head_json":{"title":"pour les studios - English For Singers","robots":{"index":"index","follow":"follow","max-snippet":"max-snippet:-1","max-image-preview":"max-image-preview:large","max-video-preview":"max-video-preview:-1"},"canonical":"http:\/\/www.englishforsingers.com\/fr\/for-studios-2\/","og_locale":"fr_FR","og_type":"article","og_title":"pour les studios - English For Singers","og_description":"Enregistrez-vous souvent des personnes qui chantent en anglais alors que ce n&rsquo;est pas leur langue maternelle ? D\u00e9couvrez ci-dessous comment je peux vous aider\u2026 Enregistrez-vous des chanteur\u00b7euses qui ont des difficult\u00e9s de prononciation en anglais ? Vous ne savez pas expliquer ce qui ne sonne pas correctement ? Ou vous avez simplement besoin que quelqu&rsquo;un [&hellip;]","og_url":"http:\/\/www.englishforsingers.com\/fr\/for-studios-2\/","og_site_name":"English For Singers","article_modified_time":"2022-10-27T16:54:58+00:00","og_image":[{"url":"http:\/\/www.englishforsingers.com\/wp-content\/uploads\/69332322_10156852515624582_3500813055397199872_n-e1605714095382.jpg","type":"","width":"","height":""}],"twitter_card":"summary_large_image","twitter_misc":{"Dur\u00e9e de lecture estim\u00e9e":"3 minutes"},"schema":{"@context":"https:\/\/schema.org","@graph":[{"@type":"WebPage","@id":"http:\/\/www.englishforsingers.com\/fr\/for-studios-2\/","url":"http:\/\/www.englishforsingers.com\/fr\/for-studios-2\/","name":"pour les studios - English For Singers","isPartOf":{"@id":"http:\/\/www.englishforsingers.com\/fr\/#website"},"primaryImageOfPage":{"@id":"http:\/\/www.englishforsingers.com\/fr\/for-studios-2\/#primaryimage"},"image":{"@id":"http:\/\/www.englishforsingers.com\/fr\/for-studios-2\/#primaryimage"},"thumbnailUrl":"http:\/\/www.englishforsingers.com\/wp-content\/uploads\/69332322_10156852515624582_3500813055397199872_n-e1605714095382.jpg","datePublished":"2020-10-17T18:07:47+00:00","dateModified":"2022-10-27T16:54:58+00:00","breadcrumb":{"@id":"http:\/\/www.englishforsingers.com\/fr\/for-studios-2\/#breadcrumb"},"inLanguage":"fr-FR","potentialAction":[{"@type":"ReadAction","target":["http:\/\/www.englishforsingers.com\/fr\/for-studios-2\/"]}]},{"@type":"ImageObject","inLanguage":"fr-FR","@id":"http:\/\/www.englishforsingers.com\/fr\/for-studios-2\/#primaryimage","url":"http:\/\/www.englishforsingers.com\/wp-content\/uploads\/69332322_10156852515624582_3500813055397199872_n-e1605714095382.jpg","contentUrl":"http:\/\/www.englishforsingers.com\/wp-content\/uploads\/69332322_10156852515624582_3500813055397199872_n-e1605714095382.jpg"},{"@type":"BreadcrumbList","@id":"http:\/\/www.englishforsingers.com\/fr\/for-studios-2\/#breadcrumb","itemListElement":[{"@type":"ListItem","position":1,"name":"Home","item":"http:\/\/www.englishforsingers.com\/fr\/"},{"@type":"ListItem","position":2,"name":"pour les studios"}]},{"@type":"WebSite","@id":"http:\/\/www.englishforsingers.com\/fr\/#website","url":"http:\/\/www.englishforsingers.com\/fr\/","name":"English For Singers","description":"vocal coach for non-natives","publisher":{"@id":"http:\/\/www.englishforsingers.com\/fr\/#organization"},"potentialAction":[{"@type":"SearchAction","target":{"@type":"EntryPoint","urlTemplate":"http:\/\/www.englishforsingers.com\/fr\/?s={search_term_string}"},"query-input":{"@type":"PropertyValueSpecification","valueRequired":true,"valueName":"search_term_string"}}],"inLanguage":"fr-FR"},{"@type":"Organization","@id":"http:\/\/www.englishforsingers.com\/fr\/#organization","name":"English For Singers","url":"http:\/\/www.englishforsingers.com\/fr\/","logo":{"@type":"ImageObject","inLanguage":"fr-FR","@id":"http:\/\/www.englishforsingers.com\/fr\/#\/schema\/logo\/image\/","url":"http:\/\/www.englishforsingers.com\/wp-content\/uploads\/imageedit_2_7632300616.png","contentUrl":"http:\/\/www.englishforsingers.com\/wp-content\/uploads\/imageedit_2_7632300616.png","width":500,"height":500,"caption":"English For Singers"},"image":{"@id":"http:\/\/www.englishforsingers.com\/fr\/#\/schema\/logo\/image\/"}}]}},"_links":{"self":[{"href":"http:\/\/www.englishforsingers.com\/fr\/wp-json\/wp\/v2\/pages\/177","targetHints":{"allow":["GET"]}}],"collection":[{"href":"http:\/\/www.englishforsingers.com\/fr\/wp-json\/wp\/v2\/pages"}],"about":[{"href":"http:\/\/www.englishforsingers.com\/fr\/wp-json\/wp\/v2\/types\/page"}],"author":[{"embeddable":true,"href":"http:\/\/www.englishforsingers.com\/fr\/wp-json\/wp\/v2\/users\/1"}],"replies":[{"embeddable":true,"href":"http:\/\/www.englishforsingers.com\/fr\/wp-json\/wp\/v2\/comments?post=177"}],"version-history":[{"count":13,"href":"http:\/\/www.englishforsingers.com\/fr\/wp-json\/wp\/v2\/pages\/177\/revisions"}],"predecessor-version":[{"id":283,"href":"http:\/\/www.englishforsingers.com\/fr\/wp-json\/wp\/v2\/pages\/177\/revisions\/283"}],"wp:attachment":[{"href":"http:\/\/www.englishforsingers.com\/fr\/wp-json\/wp\/v2\/media?parent=177"}],"curies":[{"name":"wp","href":"https:\/\/api.w.org\/{rel}","templated":true}]}}