{"id":56,"date":"2020-06-01T17:47:00","date_gmt":"2020-06-01T15:47:00","guid":{"rendered":"http:\/\/www.englishforsingers.com\/english-for-singers\/"},"modified":"2022-10-27T18:56:47","modified_gmt":"2022-10-27T16:56:47","slug":"for-singers","status":"publish","type":"page","link":"http:\/\/www.englishforsingers.com\/fr\/for-singers\/","title":{"rendered":"pour chanter"},"content":{"rendered":"\n<p class=\"has-text-align-center has-accent-color has-text-color has-normal-font-size\">Vous \u00eates chanteur ou chanteuse ? Vous chantez en anglais ? D\u00e9couvrez ci-dessous comment je peux vous aider\u2026<\/p>\n\n\n\n<hr class=\"wp-block-separator has-css-opacity\"\/>\n\n\n\n<div class=\"wp-block-media-text alignwide is-stacked-on-mobile\"><figure class=\"wp-block-media-text__media\"><img loading=\"lazy\" decoding=\"async\" width=\"480\" height=\"480\" src=\"http:\/\/www.englishforsingers.com\/wp-content\/uploads\/Circle-Photo.png\" alt=\"\" class=\"wp-image-31 size-full\" srcset=\"http:\/\/www.englishforsingers.com\/wp-content\/uploads\/Circle-Photo.png 480w, http:\/\/www.englishforsingers.com\/wp-content\/uploads\/Circle-Photo-300x300.png 300w, http:\/\/www.englishforsingers.com\/wp-content\/uploads\/Circle-Photo-150x150.png 150w\" sizes=\"auto, (max-width: 480px) 100vw, 480px\" \/><\/figure><div class=\"wp-block-media-text__content\">\n<p class=\"has-small-font-size\">Vous aimez chanter en anglais mais la prononciation n&rsquo;est pas toujours facile ? Vous avez un projet en t\u00eate, une audition, un enregistrement, et vous aimeriez perfectionner votre prononciation sur des chansons en anglais ?<\/p>\n\n\n\n<p class=\"has-accent-color has-background-background-color has-text-color has-background\">Je suis l\u00e0 pour vous aider !<\/p>\n<\/div><\/div>\n\n\n\n<blockquote class=\"wp-block-quote has-text-align-right is-style-default is-layout-flow wp-block-quote-is-layout-flow\"><p><em>Le saviez-vous ?<\/em><\/p><cite>On prononce le \u00ab\u00a0S\u00a0\u00bb du mot \u00ab\u00a0close\u00a0\u00bb diff\u00e9remment selon le contexte:<br><br>Clo<strong>s<\/strong>e to you (son \u00ab\u00a0ss\u00a0\u00bb)  |  Clo<strong>s<\/strong>e the door (son \u00ab\u00a0z\u00a0\u00bb)<\/cite><\/blockquote>\n\n\n\n<h4 class=\"has-text-color wp-block-heading\" style=\"color:#326370\">Introduction<\/h4>\n\n\n\n<p>Je me pr\u00e9sente, je suis Adeline, chanteuse d&rsquo;origine fran\u00e7aise ayant v\u00e9cu en Angleterre et r\u00e9sidant maintenant \u00e0 Barcelone.<\/p>\n\n\n\n<p>Avec 20 ans d&rsquo;exp\u00e9rience en tant que chanteuse en anglais (dont 13 ans en Angleterre), je suis l\u00e0 pour vous aider. Je ne suis pas une prof de chant, je suis une coach vocale pour l&rsquo;anglais.<\/p>\n\n\n\n<p style=\"font-size:16px\">Voici un exemple de chanson sur laquelle je chante en anglais :<\/p>\n\n\n\n<figure class=\"wp-block-embed aligncenter is-type-rich is-provider-spotify wp-block-embed-spotify wp-embed-aspect-21-9 wp-has-aspect-ratio\"><div class=\"wp-block-embed__wrapper\">\n<iframe title=\"Spotify Embed: Tear Me Apart\" style=\"border-radius: 12px\" width=\"100%\" height=\"152\" frameborder=\"0\" allowfullscreen allow=\"autoplay; clipboard-write; encrypted-media; fullscreen; picture-in-picture\" loading=\"lazy\" src=\"https:\/\/open.spotify.com\/embed\/track\/48jYqGtUOmSvYoci60CxaC?si=viiW5oCIRGePqY2afBsHsw&#038;utm_source=oembed\"><\/iframe>\n<\/div><\/figure>\n\n\n\n<h4 class=\"has-text-color wp-block-heading\" style=\"color:#326370\">Service<\/h4>\n\n\n\n<ul class=\"wp-block-list\"><li>cours individuels sur mesure<\/li><li>aide \u00e0 la prononciation<\/li><li>compr\u00e9hension de texte<\/li><li>correction de textes originaux<\/li><li>accompagnement \u00e0 l&rsquo;enregistrement en studio<\/li><li>possibilit\u00e9 de cours en ligne (Skype)<\/li><li>traduction ou cr\u00e9ation de paroles en anglais<\/li><\/ul>\n\n\n\n<div class=\"wp-block-group\"><div class=\"wp-block-group__inner-container is-layout-flow wp-block-group-is-layout-flow\">\n<p class=\"has-accent-color has-text-color has-small-font-size\">Session d&rsquo;une heure, packs de plusieurs sessions disponibles \u00e0 un prix int\u00e9ressant. <a href=\"mailto:adeline@englishforsingers.com\">Contactez-moi<\/a> pour en savoir plus.<\/p>\n<\/div><\/div>\n\n\n\n<blockquote class=\"wp-block-quote has-text-align-right is-style-default is-layout-flow wp-block-quote-is-layout-flow\"><p><em>Le saviez-vous ?<\/em><\/p><cite>On peut omettre certaines lettres\/syllabes\/paroles pour rendre la prononciation<br>plus facile et elles ne changeront pas le sens de la phrase&#8230;<br><br>Par contre, attention de ne pas enlever n&rsquo;importe quel mot !<\/cite><\/blockquote>\n\n\n\n<h4 class=\"has-text-color wp-block-heading\" style=\"color:#326370\">R\u00e9sultats<\/h4>\n\n\n\n<p>Que vous apporteront les sessions de coaching ?<\/p>\n\n\n\n<ul class=\"wp-block-list\"><li>vous sentir plus s\u00fbr\u00b7e de vous en comprenant ce que vous chantez<\/li><li>mieux transmettre les \u00e9motions du texte<\/li><li>augmenter votre cr\u00e9dibilit\u00e9 devant un public international<\/li><li>\u00eatre pr\u00e9par\u00e9\u00b7e pour lancer une carri\u00e8re internationale<\/li><\/ul>\n\n\n\n<p class=\"has-background-background-color has-text-color has-background\" style=\"color:#0a7fb1\">N&rsquo;h\u00e9sitez pas \u00e0 m&rsquo;\u00e9crire pour une \u00e9valuation et autres questions, prix, etc. ici : <a href=\"mailto:adeline@englishforsingers.com\">adeline@englishforsingers.com<\/a><\/p>\n\n\n\n<hr class=\"wp-block-separator has-css-opacity\"\/>\n\n\n\n<figure class=\"wp-block-image size-large\"><img loading=\"lazy\" decoding=\"async\" width=\"1024\" height=\"1024\" src=\"http:\/\/www.englishforsingers.com\/wp-content\/uploads\/\/Pierre-FR-1-1024x1024.png\" alt=\"\" class=\"wp-image-114\" srcset=\"http:\/\/www.englishforsingers.com\/wp-content\/uploads\/Pierre-FR-1-1024x1024.png 1024w, http:\/\/www.englishforsingers.com\/wp-content\/uploads\/Pierre-FR-1-300x300.png 300w, http:\/\/www.englishforsingers.com\/wp-content\/uploads\/Pierre-FR-1-150x150.png 150w, http:\/\/www.englishforsingers.com\/wp-content\/uploads\/Pierre-FR-1-768x768.png 768w, http:\/\/www.englishforsingers.com\/wp-content\/uploads\/Pierre-FR-1.png 1080w\" sizes=\"auto, (max-width: 1024px) 100vw, 1024px\" \/><\/figure>\n\n\n\n<figure class=\"wp-block-image size-large\"><img loading=\"lazy\" decoding=\"async\" width=\"1024\" height=\"1024\" src=\"http:\/\/www.englishforsingers.com\/wp-content\/uploads\/\/Ro-FR-1024x1024.png\" alt=\"\" class=\"wp-image-134\" srcset=\"http:\/\/www.englishforsingers.com\/wp-content\/uploads\/Ro-FR-1024x1024.png 1024w, http:\/\/www.englishforsingers.com\/wp-content\/uploads\/Ro-FR-300x300.png 300w, http:\/\/www.englishforsingers.com\/wp-content\/uploads\/Ro-FR-150x150.png 150w, http:\/\/www.englishforsingers.com\/wp-content\/uploads\/Ro-FR-768x768.png 768w, http:\/\/www.englishforsingers.com\/wp-content\/uploads\/Ro-FR.png 1080w\" sizes=\"auto, (max-width: 1024px) 100vw, 1024px\" \/><\/figure>\n\n\n\n<figure class=\"wp-block-image size-large\"><img loading=\"lazy\" decoding=\"async\" width=\"1024\" height=\"1024\" src=\"http:\/\/www.englishforsingers.com\/wp-content\/uploads\/\/Edu-FR-1024x1024.png\" alt=\"\" class=\"wp-image-229\" srcset=\"http:\/\/www.englishforsingers.com\/wp-content\/uploads\/Edu-FR-1024x1024.png 1024w, http:\/\/www.englishforsingers.com\/wp-content\/uploads\/Edu-FR-300x300.png 300w, http:\/\/www.englishforsingers.com\/wp-content\/uploads\/Edu-FR-150x150.png 150w, http:\/\/www.englishforsingers.com\/wp-content\/uploads\/Edu-FR-768x768.png 768w, http:\/\/www.englishforsingers.com\/wp-content\/uploads\/Edu-FR.png 1080w\" sizes=\"auto, (max-width: 1024px) 100vw, 1024px\" \/><\/figure>\n\n\n\n<div class=\"wp-block-columns is-layout-flex wp-container-core-columns-is-layout-9d6595d7 wp-block-columns-is-layout-flex\">\n<div class=\"wp-block-column is-layout-flow wp-block-column-is-layout-flow\"><\/div>\n\n\n\n<div class=\"wp-block-column is-layout-flow wp-block-column-is-layout-flow\"><\/div>\n\n\n\n<div class=\"wp-block-column is-layout-flow wp-block-column-is-layout-flow\"><\/div>\n<\/div>\n","protected":false},"excerpt":{"rendered":"<p>Vous \u00eates chanteur ou chanteuse ? Vous chantez en anglais ? D\u00e9couvrez ci-dessous comment je peux vous aider\u2026 Vous aimez chanter en anglais mais la prononciation n&rsquo;est pas toujours facile ? Vous avez un projet en t\u00eate, une audition, un enregistrement, et vous aimeriez perfectionner votre prononciation sur des chansons en anglais ? Je suis [&hellip;]<\/p>\n","protected":false},"author":1,"featured_media":0,"parent":0,"menu_order":0,"comment_status":"closed","ping_status":"closed","template":"templates\/template-cover.php","meta":{"footnotes":""},"class_list":["post-56","page","type-page","status-publish","hentry"],"yoast_head":"<!-- This site is optimized with the Yoast SEO plugin v27.5 - https:\/\/yoast.com\/product\/yoast-seo-wordpress\/ -->\n<title>pour chanter - English For Singers<\/title>\n<meta name=\"description\" content=\"Sessions de coaching vocal pour aider les chanteurs et chanteuses \u00e0 chanter en anglais - pour les non anglophones (fran\u00e7ais, espagnols, italiens, portugais, etc.)\" \/>\n<meta name=\"robots\" content=\"index, follow, max-snippet:-1, max-image-preview:large, max-video-preview:-1\" \/>\n<link rel=\"canonical\" href=\"http:\/\/www.englishforsingers.com\/fr\/for-singers\/\" \/>\n<meta property=\"og:locale\" content=\"fr_FR\" \/>\n<meta property=\"og:type\" content=\"article\" \/>\n<meta property=\"og:title\" content=\"pour chanter - English For Singers\" \/>\n<meta property=\"og:description\" content=\"Sessions de coaching vocal pour aider les chanteurs et chanteuses \u00e0 chanter en anglais - pour les non anglophones (fran\u00e7ais, espagnols, italiens, portugais, etc.)\" \/>\n<meta property=\"og:url\" content=\"http:\/\/www.englishforsingers.com\/fr\/for-singers\/\" \/>\n<meta property=\"og:site_name\" content=\"English For Singers\" \/>\n<meta property=\"article:modified_time\" content=\"2022-10-27T16:56:47+00:00\" \/>\n<meta property=\"og:image\" content=\"http:\/\/www.englishforsingers.com\/wp-content\/uploads\/Circle-Photo.png\" \/>\n<meta name=\"twitter:card\" content=\"summary_large_image\" \/>\n<script type=\"application\/ld+json\" class=\"yoast-schema-graph\">{\"@context\":\"https:\\\/\\\/schema.org\",\"@graph\":[{\"@type\":\"WebPage\",\"@id\":\"http:\\\/\\\/www.englishforsingers.com\\\/fr\\\/for-singers\\\/\",\"url\":\"http:\\\/\\\/www.englishforsingers.com\\\/fr\\\/for-singers\\\/\",\"name\":\"pour chanter - English For Singers\",\"isPartOf\":{\"@id\":\"http:\\\/\\\/www.englishforsingers.com\\\/fr\\\/#website\"},\"primaryImageOfPage\":{\"@id\":\"http:\\\/\\\/www.englishforsingers.com\\\/fr\\\/for-singers\\\/#primaryimage\"},\"image\":{\"@id\":\"http:\\\/\\\/www.englishforsingers.com\\\/fr\\\/for-singers\\\/#primaryimage\"},\"thumbnailUrl\":\"http:\\\/\\\/www.englishforsingers.com\\\/wp-content\\\/uploads\\\/Circle-Photo.png\",\"datePublished\":\"2020-06-01T15:47:00+00:00\",\"dateModified\":\"2022-10-27T16:56:47+00:00\",\"description\":\"Sessions de coaching vocal pour aider les chanteurs et chanteuses \u00e0 chanter en anglais - pour les non anglophones (fran\u00e7ais, espagnols, italiens, portugais, etc.)\",\"breadcrumb\":{\"@id\":\"http:\\\/\\\/www.englishforsingers.com\\\/fr\\\/for-singers\\\/#breadcrumb\"},\"inLanguage\":\"fr-FR\",\"potentialAction\":[{\"@type\":\"ReadAction\",\"target\":[\"http:\\\/\\\/www.englishforsingers.com\\\/fr\\\/for-singers\\\/\"]}]},{\"@type\":\"ImageObject\",\"inLanguage\":\"fr-FR\",\"@id\":\"http:\\\/\\\/www.englishforsingers.com\\\/fr\\\/for-singers\\\/#primaryimage\",\"url\":\"http:\\\/\\\/www.englishforsingers.com\\\/wp-content\\\/uploads\\\/Circle-Photo.png\",\"contentUrl\":\"http:\\\/\\\/www.englishforsingers.com\\\/wp-content\\\/uploads\\\/Circle-Photo.png\"},{\"@type\":\"BreadcrumbList\",\"@id\":\"http:\\\/\\\/www.englishforsingers.com\\\/fr\\\/for-singers\\\/#breadcrumb\",\"itemListElement\":[{\"@type\":\"ListItem\",\"position\":1,\"name\":\"Home\",\"item\":\"http:\\\/\\\/www.englishforsingers.com\\\/fr\\\/\"},{\"@type\":\"ListItem\",\"position\":2,\"name\":\"pour chanter\"}]},{\"@type\":\"WebSite\",\"@id\":\"http:\\\/\\\/www.englishforsingers.com\\\/fr\\\/#website\",\"url\":\"http:\\\/\\\/www.englishforsingers.com\\\/fr\\\/\",\"name\":\"English For Singers\",\"description\":\"vocal coach for non-natives\",\"publisher\":{\"@id\":\"http:\\\/\\\/www.englishforsingers.com\\\/fr\\\/#organization\"},\"potentialAction\":[{\"@type\":\"SearchAction\",\"target\":{\"@type\":\"EntryPoint\",\"urlTemplate\":\"http:\\\/\\\/www.englishforsingers.com\\\/fr\\\/?s={search_term_string}\"},\"query-input\":{\"@type\":\"PropertyValueSpecification\",\"valueRequired\":true,\"valueName\":\"search_term_string\"}}],\"inLanguage\":\"fr-FR\"},{\"@type\":\"Organization\",\"@id\":\"http:\\\/\\\/www.englishforsingers.com\\\/fr\\\/#organization\",\"name\":\"English For Singers\",\"url\":\"http:\\\/\\\/www.englishforsingers.com\\\/fr\\\/\",\"logo\":{\"@type\":\"ImageObject\",\"inLanguage\":\"fr-FR\",\"@id\":\"http:\\\/\\\/www.englishforsingers.com\\\/fr\\\/#\\\/schema\\\/logo\\\/image\\\/\",\"url\":\"http:\\\/\\\/www.englishforsingers.com\\\/wp-content\\\/uploads\\\/imageedit_2_7632300616.png\",\"contentUrl\":\"http:\\\/\\\/www.englishforsingers.com\\\/wp-content\\\/uploads\\\/imageedit_2_7632300616.png\",\"width\":500,\"height\":500,\"caption\":\"English For Singers\"},\"image\":{\"@id\":\"http:\\\/\\\/www.englishforsingers.com\\\/fr\\\/#\\\/schema\\\/logo\\\/image\\\/\"}}]}<\/script>\n<!-- \/ Yoast SEO plugin. -->","yoast_head_json":{"title":"pour chanter - English For Singers","description":"Sessions de coaching vocal pour aider les chanteurs et chanteuses \u00e0 chanter en anglais - pour les non anglophones (fran\u00e7ais, espagnols, italiens, portugais, etc.)","robots":{"index":"index","follow":"follow","max-snippet":"max-snippet:-1","max-image-preview":"max-image-preview:large","max-video-preview":"max-video-preview:-1"},"canonical":"http:\/\/www.englishforsingers.com\/fr\/for-singers\/","og_locale":"fr_FR","og_type":"article","og_title":"pour chanter - English For Singers","og_description":"Sessions de coaching vocal pour aider les chanteurs et chanteuses \u00e0 chanter en anglais - pour les non anglophones (fran\u00e7ais, espagnols, italiens, portugais, etc.)","og_url":"http:\/\/www.englishforsingers.com\/fr\/for-singers\/","og_site_name":"English For Singers","article_modified_time":"2022-10-27T16:56:47+00:00","og_image":[{"url":"http:\/\/www.englishforsingers.com\/wp-content\/uploads\/Circle-Photo.png","type":"","width":"","height":""}],"twitter_card":"summary_large_image","schema":{"@context":"https:\/\/schema.org","@graph":[{"@type":"WebPage","@id":"http:\/\/www.englishforsingers.com\/fr\/for-singers\/","url":"http:\/\/www.englishforsingers.com\/fr\/for-singers\/","name":"pour chanter - English For Singers","isPartOf":{"@id":"http:\/\/www.englishforsingers.com\/fr\/#website"},"primaryImageOfPage":{"@id":"http:\/\/www.englishforsingers.com\/fr\/for-singers\/#primaryimage"},"image":{"@id":"http:\/\/www.englishforsingers.com\/fr\/for-singers\/#primaryimage"},"thumbnailUrl":"http:\/\/www.englishforsingers.com\/wp-content\/uploads\/Circle-Photo.png","datePublished":"2020-06-01T15:47:00+00:00","dateModified":"2022-10-27T16:56:47+00:00","description":"Sessions de coaching vocal pour aider les chanteurs et chanteuses \u00e0 chanter en anglais - pour les non anglophones (fran\u00e7ais, espagnols, italiens, portugais, etc.)","breadcrumb":{"@id":"http:\/\/www.englishforsingers.com\/fr\/for-singers\/#breadcrumb"},"inLanguage":"fr-FR","potentialAction":[{"@type":"ReadAction","target":["http:\/\/www.englishforsingers.com\/fr\/for-singers\/"]}]},{"@type":"ImageObject","inLanguage":"fr-FR","@id":"http:\/\/www.englishforsingers.com\/fr\/for-singers\/#primaryimage","url":"http:\/\/www.englishforsingers.com\/wp-content\/uploads\/Circle-Photo.png","contentUrl":"http:\/\/www.englishforsingers.com\/wp-content\/uploads\/Circle-Photo.png"},{"@type":"BreadcrumbList","@id":"http:\/\/www.englishforsingers.com\/fr\/for-singers\/#breadcrumb","itemListElement":[{"@type":"ListItem","position":1,"name":"Home","item":"http:\/\/www.englishforsingers.com\/fr\/"},{"@type":"ListItem","position":2,"name":"pour chanter"}]},{"@type":"WebSite","@id":"http:\/\/www.englishforsingers.com\/fr\/#website","url":"http:\/\/www.englishforsingers.com\/fr\/","name":"English For Singers","description":"vocal coach for non-natives","publisher":{"@id":"http:\/\/www.englishforsingers.com\/fr\/#organization"},"potentialAction":[{"@type":"SearchAction","target":{"@type":"EntryPoint","urlTemplate":"http:\/\/www.englishforsingers.com\/fr\/?s={search_term_string}"},"query-input":{"@type":"PropertyValueSpecification","valueRequired":true,"valueName":"search_term_string"}}],"inLanguage":"fr-FR"},{"@type":"Organization","@id":"http:\/\/www.englishforsingers.com\/fr\/#organization","name":"English For Singers","url":"http:\/\/www.englishforsingers.com\/fr\/","logo":{"@type":"ImageObject","inLanguage":"fr-FR","@id":"http:\/\/www.englishforsingers.com\/fr\/#\/schema\/logo\/image\/","url":"http:\/\/www.englishforsingers.com\/wp-content\/uploads\/imageedit_2_7632300616.png","contentUrl":"http:\/\/www.englishforsingers.com\/wp-content\/uploads\/imageedit_2_7632300616.png","width":500,"height":500,"caption":"English For Singers"},"image":{"@id":"http:\/\/www.englishforsingers.com\/fr\/#\/schema\/logo\/image\/"}}]}},"_links":{"self":[{"href":"http:\/\/www.englishforsingers.com\/fr\/wp-json\/wp\/v2\/pages\/56","targetHints":{"allow":["GET"]}}],"collection":[{"href":"http:\/\/www.englishforsingers.com\/fr\/wp-json\/wp\/v2\/pages"}],"about":[{"href":"http:\/\/www.englishforsingers.com\/fr\/wp-json\/wp\/v2\/types\/page"}],"author":[{"embeddable":true,"href":"http:\/\/www.englishforsingers.com\/fr\/wp-json\/wp\/v2\/users\/1"}],"replies":[{"embeddable":true,"href":"http:\/\/www.englishforsingers.com\/fr\/wp-json\/wp\/v2\/comments?post=56"}],"version-history":[{"count":28,"href":"http:\/\/www.englishforsingers.com\/fr\/wp-json\/wp\/v2\/pages\/56\/revisions"}],"predecessor-version":[{"id":286,"href":"http:\/\/www.englishforsingers.com\/fr\/wp-json\/wp\/v2\/pages\/56\/revisions\/286"}],"wp:attachment":[{"href":"http:\/\/www.englishforsingers.com\/fr\/wp-json\/wp\/v2\/media?parent=56"}],"curies":[{"name":"wp","href":"https:\/\/api.w.org\/{rel}","templated":true}]}}